{"id":110,"date":"2024-02-17T01:35:41","date_gmt":"2024-02-17T00:35:41","guid":{"rendered":"https:\/\/www.anythingexpat.com\/?page_id=110"},"modified":"2026-01-18T00:56:31","modified_gmt":"2026-01-17T23:56:31","slug":"for-businesses","status":"publish","type":"page","link":"https:\/\/www.anythingexpat.com\/de\/for-businesses\/","title":{"rendered":"Global HR Consulting"},"content":{"rendered":"<div class=\"wp-block-columns is-layout-flex wp-container-core-columns-is-layout-28f84493 wp-block-columns-is-layout-flex\">\n<div class=\"wp-block-column has-custom-color-3-background-color has-background is-layout-flow wp-block-column-is-layout-flow\">\n<h2 class=\"wp-block-heading has-custom-color-1-color has-text-color has-big-font-size\" style=\"margin-top:0;margin-bottom:0;padding-top:0;padding-right:var(--wp--preset--spacing--30);padding-bottom:0;padding-left:var(--wp--preset--spacing--30)\">Planen Sie Ihre globalen Aktivit\u00e4ten auszubauen mit den richtigen Mitarbeitern am richtigen Ort...<\/h2>\n\n\n\n<p class=\"has-custom-color-4-color has-text-color has-link-color has-medium-font-size wp-elements-451a56213bd0cfff907bf94f3316f336\" style=\"padding-top:0;padding-right:var(--wp--preset--spacing--30);padding-bottom:0;padding-left:var(--wp--preset--spacing--30)\">...indem Sie sich als attraktiver Arbeitgeber f\u00fcr die Einstellung, Versetzung und Bindung von Mitarbeitern auf internationaler Ebene positionieren?<\/p>\n\n\n\n<p class=\"has-custom-color-4-color has-text-color has-link-color has-medium-font-size wp-elements-04ace6dd9d6c0a1dbfd2fefa6c8f7e3a\" style=\"margin-top:0;margin-bottom:0;padding-top:var(--wp--preset--spacing--20);padding-right:var(--wp--preset--spacing--30);padding-bottom:var(--wp--preset--spacing--20);padding-left:var(--wp--preset--spacing--30)\">... indem Sie Ihre Mitarbeiter durch nahtlose Unterst\u00fctzung bei allen Belangen rund um ihren Auslandsaufenthalt umsorgen, damit sie sich wertgesch\u00e4tzt f\u00fchlen und engagiert auf die Arbeit konzentrieren k\u00f6nnen?<\/p>\n\n\n\n<h2 class=\"wp-block-heading has-custom-color-1-color has-text-color has-link-color has-big-font-size wp-elements-0f6f84d3484d6cf26b3fd11d1a44b929\" style=\"margin-top:0;margin-right:0;margin-bottom:0;margin-left:0;padding-top:var(--wp--preset--spacing--20);padding-right:var(--wp--preset--spacing--30);padding-bottom:var(--wp--preset--spacing--20);padding-left:var(--wp--preset--spacing--30)\">... und brauchen einen Partner, der Ihnen dabei hilft?<\/h2>\n<\/div>\n\n\n\n<div class=\"wp-block-column is-vertically-aligned-center is-layout-flow wp-block-column-is-layout-flow\">\n<div class=\"wp-block-group bubble is-layout-constrained wp-container-core-group-is-layout-6f84c557 wp-block-group-is-layout-constrained\" style=\"padding-top:0;padding-right:0;padding-bottom:0;padding-left:0\">\n<figure class=\"wp-block-image aligncenter size-full is-style-rounded\"><img loading=\"lazy\" decoding=\"async\" width=\"1080\" height=\"1080\" src=\"https:\/\/www.anythingexpat.com\/wp-content\/uploads\/2024\/05\/Untitled-design-8.png\" alt=\"\" class=\"wp-image-942\" srcset=\"https:\/\/www.anythingexpat.com\/wp-content\/uploads\/2024\/05\/Untitled-design-8.png 1080w, https:\/\/www.anythingexpat.com\/wp-content\/uploads\/2024\/05\/Untitled-design-8-300x300.png 300w, https:\/\/www.anythingexpat.com\/wp-content\/uploads\/2024\/05\/Untitled-design-8-1024x1024.png 1024w, https:\/\/www.anythingexpat.com\/wp-content\/uploads\/2024\/05\/Untitled-design-8-150x150.png 150w, https:\/\/www.anythingexpat.com\/wp-content\/uploads\/2024\/05\/Untitled-design-8-768x768.png 768w, https:\/\/www.anythingexpat.com\/wp-content\/uploads\/2024\/05\/Untitled-design-8-12x12.png 12w\" sizes=\"auto, (max-width: 1080px) 100vw, 1080px\" \/><\/figure>\n<\/div>\n<\/div>\n<\/div>\n\n\n\n<p><\/p>\n\n\n\n<h4 class=\"wp-block-heading has-text-align-left has-custom-color-1-color has-text-color has-link-color has-big-font-size wp-elements-fd569e37c79f769e1fb6a67c44c9eef9\" style=\"margin-top:0;margin-bottom:0;padding-top:0;padding-bottom:0\"><strong>WIE WIR UNTERST\u00dcTZEN K\u00d6NNEN<\/strong><\/h4>\n\n\n\n<div class=\"wp-block-group is-nowrap is-layout-flex wp-container-core-group-is-layout-ed4e3a9e wp-block-group-is-layout-flex\" style=\"margin-top:0;margin-bottom:0;padding-top:var(--wp--preset--spacing--30);padding-right:0;padding-bottom:var(--wp--preset--spacing--30);padding-left:0\">\n<hr class=\"wp-block-separator has-text-color has-custom-color-1-color has-alpha-channel-opacity has-custom-color-1-background-color has-background wp-container-content-c0740251\" style=\"margin-top:0;margin-bottom:0\"\/>\n\n\n\n<p class=\"has-custom-color-1-color has-text-color has-normal-font-size\" style=\"margin-top:0;margin-bottom:0;padding-top:0;padding-bottom:0;font-style:normal;font-weight:500;letter-spacing:3px;text-transform:uppercase\">Globale Organisationsver\u00e4nderungen<\/p>\n<\/div>\n\n\n\n<div class=\"wp-block-columns has-custom-color-3-background-color has-background is-layout-flex wp-container-core-columns-is-layout-f0342b05 wp-block-columns-is-layout-flex\" style=\"margin-top:0;margin-bottom:0\">\n<div class=\"wp-block-column is-layout-flow wp-block-column-is-layout-flow\" style=\"flex-basis:31%\">\n<div class=\"wp-block-group bubble is-layout-constrained wp-container-core-group-is-layout-b4523777 wp-block-group-is-layout-constrained\" style=\"padding-top:0;padding-right:0;padding-bottom:0;padding-left:0\">\n<figure class=\"wp-block-image size-large\"><img loading=\"lazy\" decoding=\"async\" width=\"1024\" height=\"1024\" src=\"https:\/\/www.anythingexpat.com\/wp-content\/uploads\/2026\/01\/Untitled-design-4-1024x1024.png\" alt=\"\" class=\"wp-image-1220\" srcset=\"https:\/\/www.anythingexpat.com\/wp-content\/uploads\/2026\/01\/Untitled-design-4-1024x1024.png 1024w, https:\/\/www.anythingexpat.com\/wp-content\/uploads\/2026\/01\/Untitled-design-4-300x300.png 300w, https:\/\/www.anythingexpat.com\/wp-content\/uploads\/2026\/01\/Untitled-design-4-150x150.png 150w, https:\/\/www.anythingexpat.com\/wp-content\/uploads\/2026\/01\/Untitled-design-4-768x768.png 768w, https:\/\/www.anythingexpat.com\/wp-content\/uploads\/2026\/01\/Untitled-design-4-12x12.png 12w, https:\/\/www.anythingexpat.com\/wp-content\/uploads\/2026\/01\/Untitled-design-4.png 1080w\" sizes=\"auto, (max-width: 1024px) 100vw, 1024px\" \/><\/figure>\n<\/div>\n<\/div>\n\n\n\n<div class=\"wp-block-column is-vertically-aligned-center is-layout-flow wp-block-column-is-layout-flow\" style=\"flex-basis:69%\">\n<div class=\"wp-block-group bubble is-content-justification-left is-layout-constrained wp-container-core-group-is-layout-417067bb wp-block-group-is-layout-constrained\" style=\"padding-top:0;padding-right:0;padding-bottom:0;padding-left:0\">\n<ul style=\"margin-top:var(--wp--preset--spacing--20);margin-right:var(--wp--preset--spacing--30);margin-bottom:var(--wp--preset--spacing--20);margin-left:var(--wp--preset--spacing--30)\" class=\"wp-block-list\">\n<li style=\"margin-top:0;margin-bottom:0;line-height:1.5\">Beratung und Unterst\u00fctzung beim Aufbau von globalen\/regionalen Hubs und Betriebsst\u00e4tten (inkl. Beurteilung der Talentverf\u00fcgbarkeit, gesetzlicher Vorgaben, Personalkosten)<\/li>\n\n\n\n<li style=\"margin-top:0;margin-bottom:0;line-height:1.5\">Beratung und Unterst\u00fctzung bei globalen Talent Reviews und Kompetenzbewertungen (inkl. Gap-Analyse und Ma\u00dfnahmenplanung)<\/li>\n<\/ul>\n<\/div>\n<\/div>\n<\/div>\n\n\n\n<div class=\"wp-block-group is-nowrap is-layout-flex wp-container-core-group-is-layout-f1dc7192 wp-block-group-is-layout-flex\" style=\"padding-top:var(--wp--preset--spacing--30);padding-right:0;padding-bottom:var(--wp--preset--spacing--30);padding-left:0\">\n<hr class=\"wp-block-separator has-text-color has-custom-color-1-color has-alpha-channel-opacity has-custom-color-1-background-color has-background wp-container-content-c0740251\" style=\"margin-top:0;margin-bottom:0\"\/>\n\n\n\n<p class=\"has-custom-color-1-color has-text-color has-normal-font-size\" style=\"font-style:normal;font-weight:500;letter-spacing:3px;text-transform:uppercase\">Frameworks, Prozesse, Standards<\/p>\n<\/div>\n\n\n\n<div class=\"wp-block-columns has-custom-color-3-background-color has-background is-layout-flex wp-container-core-columns-is-layout-f0342b05 wp-block-columns-is-layout-flex\" style=\"margin-top:0;margin-bottom:0\">\n<div class=\"wp-block-column is-layout-flow wp-block-column-is-layout-flow\" style=\"padding-top:0;padding-bottom:0;flex-basis:100%\">\n<div class=\"wp-block-columns is-layout-flex wp-container-core-columns-is-layout-28f84493 wp-block-columns-is-layout-flex\">\n<div class=\"wp-block-column is-layout-flow wp-block-column-is-layout-flow\" style=\"flex-basis:31%\">\n<div class=\"wp-block-group bubble has-custom-color-3-background-color has-background is-layout-constrained wp-container-core-group-is-layout-b4523777 wp-block-group-is-layout-constrained\" style=\"padding-top:0;padding-right:0;padding-bottom:0;padding-left:0\">\n<figure class=\"wp-block-image size-large\"><img loading=\"lazy\" decoding=\"async\" width=\"1024\" height=\"1024\" src=\"https:\/\/www.anythingexpat.com\/wp-content\/uploads\/2026\/01\/Untitled-design-5-1024x1024.png\" alt=\"\" class=\"wp-image-1221\" srcset=\"https:\/\/www.anythingexpat.com\/wp-content\/uploads\/2026\/01\/Untitled-design-5-1024x1024.png 1024w, https:\/\/www.anythingexpat.com\/wp-content\/uploads\/2026\/01\/Untitled-design-5-300x300.png 300w, https:\/\/www.anythingexpat.com\/wp-content\/uploads\/2026\/01\/Untitled-design-5-150x150.png 150w, https:\/\/www.anythingexpat.com\/wp-content\/uploads\/2026\/01\/Untitled-design-5-768x768.png 768w, https:\/\/www.anythingexpat.com\/wp-content\/uploads\/2026\/01\/Untitled-design-5-12x12.png 12w, https:\/\/www.anythingexpat.com\/wp-content\/uploads\/2026\/01\/Untitled-design-5.png 1080w\" sizes=\"auto, (max-width: 1024px) 100vw, 1024px\" \/><\/figure>\n<\/div>\n<\/div>\n\n\n\n<div class=\"wp-block-column is-vertically-aligned-center has-custom-color-3-background-color has-background is-layout-flow wp-block-column-is-layout-flow\" style=\"flex-basis:69%\">\n<ul style=\"margin-top:0;margin-bottom:0;padding-top:var(--wp--preset--spacing--20);padding-right:var(--wp--preset--spacing--30);padding-bottom:var(--wp--preset--spacing--20);padding-left:var(--wp--preset--spacing--30)\" class=\"wp-block-list has-custom-color-4-color has-text-color has-link-color wp-elements-617624dbf73aa6151e6df58a1be57e95\">\n<li style=\"margin-top:0;margin-bottom:0;line-height:1.5\">Pr\u00fcfung und Entwicklung von Richtlinien f\u00fcr die Rekrutierung und Entsendung von internationalen Fach- und F\u00fchrungskr\u00e4ften<\/li>\n\n\n\n<li style=\"margin-top:0;margin-bottom:0;line-height:1.5\">Entwicklung von Richtlinien f\u00fcr Globale Projekteins\u00e4tze und Remote Work<\/li>\n\n\n\n<li style=\"margin-top:0;margin-bottom:0;line-height:1.5\">Pr\u00fcfung und Entwicklung von standardisierten (bilingualen) Arbeits- und Entsendevertr\u00e4gen<\/li>\n\n\n\n<li style=\"margin-top:0;margin-bottom:0;line-height:1.5\">Beratung bei der Gestaltung von effektiven Genehmigungsprozessen<\/li>\n<\/ul>\n<\/div>\n<\/div>\n<\/div>\n<\/div>\n\n\n\n<div class=\"wp-block-group is-nowrap is-layout-flex wp-container-core-group-is-layout-f1dc7192 wp-block-group-is-layout-flex\" style=\"padding-top:var(--wp--preset--spacing--30);padding-right:0;padding-bottom:var(--wp--preset--spacing--30);padding-left:0\">\n<hr class=\"wp-block-separator has-text-color has-custom-color-1-color has-alpha-channel-opacity has-custom-color-1-background-color has-background wp-container-content-c0740251\" style=\"margin-top:0;margin-bottom:0\"\/>\n\n\n\n<p class=\"has-custom-color-1-color has-text-color has-normal-font-size\" style=\"font-style:normal;font-weight:500;letter-spacing:3px;text-transform:uppercase\">Verg\u00fctung und Nebenleistungen<\/p>\n<\/div>\n\n\n\n<div class=\"wp-block-columns has-custom-color-3-background-color has-background is-layout-flex wp-container-core-columns-is-layout-f0342b05 wp-block-columns-is-layout-flex\" style=\"margin-top:0;margin-bottom:0\">\n<div class=\"wp-block-column is-layout-flow wp-block-column-is-layout-flow\" style=\"flex-basis:31%\">\n<div class=\"wp-block-group bubble is-layout-constrained wp-container-core-group-is-layout-b4523777 wp-block-group-is-layout-constrained\" style=\"padding-top:0;padding-right:0;padding-bottom:0;padding-left:0\">\n<figure class=\"wp-block-image size-large\"><img loading=\"lazy\" decoding=\"async\" width=\"1024\" height=\"1024\" src=\"https:\/\/www.anythingexpat.com\/wp-content\/uploads\/2026\/01\/Untitled-design-6-1024x1024.png\" alt=\"\" class=\"wp-image-1222\" srcset=\"https:\/\/www.anythingexpat.com\/wp-content\/uploads\/2026\/01\/Untitled-design-6-1024x1024.png 1024w, https:\/\/www.anythingexpat.com\/wp-content\/uploads\/2026\/01\/Untitled-design-6-300x300.png 300w, https:\/\/www.anythingexpat.com\/wp-content\/uploads\/2026\/01\/Untitled-design-6-150x150.png 150w, https:\/\/www.anythingexpat.com\/wp-content\/uploads\/2026\/01\/Untitled-design-6-768x768.png 768w, https:\/\/www.anythingexpat.com\/wp-content\/uploads\/2026\/01\/Untitled-design-6-12x12.png 12w, https:\/\/www.anythingexpat.com\/wp-content\/uploads\/2026\/01\/Untitled-design-6.png 1080w\" sizes=\"auto, (max-width: 1024px) 100vw, 1024px\" \/><\/figure>\n<\/div>\n<\/div>\n\n\n\n<div class=\"wp-block-column is-vertically-aligned-center is-layout-flow wp-block-column-is-layout-flow\" style=\"flex-basis:69%\">\n<ul style=\"padding-right:var(--wp--preset--spacing--30);padding-left:var(--wp--preset--spacing--30)\" class=\"wp-block-list\">\n<li style=\"padding-top:0;padding-bottom:0;line-height:1.5\">Guidance and Support with developing and communicating Individual Salary Proposals based on Net-Net Comparisons, considering Differences in Cost of Living, Housing, Taxation, Social Security, and other Benefits.<\/li>\n\n\n\n<li style=\"padding-top:0;padding-bottom:0;line-height:1.5\">Guidance and Support with preparing Cost Estimates for approval, budgeting, and controlling<\/li>\n\n\n\n<li style=\"padding-top:0;padding-bottom:0;line-height:1.5\">Beratung zu Globalen Zusatzleistungen in Bezug auf Umzug, Wohnen, Familienangelegenheiten, Altersvorsorge, Versicherungen, usw.<\/li>\n<\/ul>\n<\/div>\n<\/div>\n\n\n\n<div class=\"wp-block-group is-nowrap is-layout-flex wp-container-core-group-is-layout-f1dc7192 wp-block-group-is-layout-flex\" style=\"padding-top:var(--wp--preset--spacing--30);padding-right:0;padding-bottom:var(--wp--preset--spacing--30);padding-left:0\">\n<hr class=\"wp-block-separator has-text-color has-custom-color-1-color has-alpha-channel-opacity has-custom-color-1-background-color has-background wp-container-content-c0740251\" style=\"margin-top:0;margin-bottom:0\"\/>\n\n\n\n<p class=\"has-custom-color-1-color has-text-color has-normal-font-size\" style=\"font-style:normal;font-weight:500;letter-spacing:3px;text-transform:uppercase\">Compliance<\/p>\n<\/div>\n\n\n\n<div class=\"wp-block-columns has-custom-color-3-background-color has-background is-layout-flex wp-container-core-columns-is-layout-f0342b05 wp-block-columns-is-layout-flex\" style=\"margin-top:0;margin-bottom:0\">\n<div class=\"wp-block-column is-vertically-aligned-center is-layout-flow wp-block-column-is-layout-flow\" style=\"flex-basis:31%\">\n<div class=\"wp-block-group bubble is-layout-constrained wp-container-core-group-is-layout-b4523777 wp-block-group-is-layout-constrained\" style=\"padding-top:0;padding-right:0;padding-bottom:0;padding-left:0\">\n<figure class=\"wp-block-image size-large\"><img loading=\"lazy\" decoding=\"async\" width=\"1024\" height=\"1024\" src=\"https:\/\/www.anythingexpat.com\/wp-content\/uploads\/2026\/01\/Untitled-design-7-1024x1024.png\" alt=\"\" class=\"wp-image-1223\" srcset=\"https:\/\/www.anythingexpat.com\/wp-content\/uploads\/2026\/01\/Untitled-design-7-1024x1024.png 1024w, https:\/\/www.anythingexpat.com\/wp-content\/uploads\/2026\/01\/Untitled-design-7-300x300.png 300w, https:\/\/www.anythingexpat.com\/wp-content\/uploads\/2026\/01\/Untitled-design-7-150x150.png 150w, https:\/\/www.anythingexpat.com\/wp-content\/uploads\/2026\/01\/Untitled-design-7-768x768.png 768w, https:\/\/www.anythingexpat.com\/wp-content\/uploads\/2026\/01\/Untitled-design-7-12x12.png 12w, https:\/\/www.anythingexpat.com\/wp-content\/uploads\/2026\/01\/Untitled-design-7.png 1080w\" sizes=\"auto, (max-width: 1024px) 100vw, 1024px\" \/><\/figure>\n<\/div>\n<\/div>\n\n\n\n<div class=\"wp-block-column is-vertically-aligned-center is-layout-flow wp-block-column-is-layout-flow\" style=\"flex-basis:69%\">\n<ul style=\"padding-top:0;padding-right:var(--wp--preset--spacing--30);padding-bottom:0;padding-left:var(--wp--preset--spacing--30)\" class=\"wp-block-list has-custom-color-4-color has-text-color has-link-color wp-elements-ac9c1d8e8411adf75b931f8e96ac5354\">\n<li style=\"line-height:1.5\">Beratung zu Prozessen und ordnungsgem\u00e4\u00dfer Gehaltsabrechnung bei grenz\u00fcberschreitenden Sachverhalten zur Sicherstellung steuer- und sozialversicherungsrechtlicher Compliance in allen betroffenen L\u00e4ndern. <\/li>\n\n\n\n<li style=\"line-height:1.5\">Beratung zu: \n<ul class=\"wp-block-list\">\n<li>Sozialversicherung und Auswirkungen von internationalen Sozialversicherungsabkommen und EU-Regelungen<\/li>\n\n\n\n<li>Arbeits- und entsenderechtlichen Regelungen<\/li>\n\n\n\n<li>Aufenthaltsrechtlichen Anforderungen und Auswirkungen sowohl in Deutschland als auch in den USA<\/li>\n<\/ul>\n<\/li>\n<\/ul>\n<\/div>\n<\/div>\n\n\n\n<div class=\"wp-block-group is-nowrap is-layout-flex wp-container-core-group-is-layout-f1dc7192 wp-block-group-is-layout-flex\" style=\"padding-top:var(--wp--preset--spacing--30);padding-right:0;padding-bottom:var(--wp--preset--spacing--30);padding-left:0\">\n<hr class=\"wp-block-separator has-text-color has-custom-color-1-color has-alpha-channel-opacity has-custom-color-1-background-color has-background wp-container-content-c0740251\" style=\"margin-top:0;margin-bottom:0\"\/>\n\n\n\n<p class=\"has-custom-color-1-color has-text-color has-normal-font-size\" style=\"font-style:normal;font-weight:500;letter-spacing:3px;text-transform:uppercase\">Mitarbeiterbetreuung und Interessenvertretung<\/p>\n<\/div>\n\n\n\n<div class=\"wp-block-columns has-custom-color-3-background-color has-background is-layout-flex wp-container-core-columns-is-layout-f0342b05 wp-block-columns-is-layout-flex\" style=\"margin-top:0;margin-bottom:0\">\n<div class=\"wp-block-column is-layout-flow wp-block-column-is-layout-flow\" style=\"flex-basis:31%\">\n<div class=\"wp-block-group bubble is-layout-constrained wp-container-core-group-is-layout-b4523777 wp-block-group-is-layout-constrained\" style=\"padding-top:0;padding-right:0;padding-bottom:0;padding-left:0\">\n<figure class=\"wp-block-image size-large\"><img loading=\"lazy\" decoding=\"async\" width=\"1024\" height=\"1024\" src=\"http:\/\/www.anythingexpat.com\/wp-content\/uploads\/2026\/01\/Untitled-design-3-1024x1024.png\" alt=\"\" class=\"wp-image-1216\" srcset=\"https:\/\/www.anythingexpat.com\/wp-content\/uploads\/2026\/01\/Untitled-design-3-1024x1024.png 1024w, https:\/\/www.anythingexpat.com\/wp-content\/uploads\/2026\/01\/Untitled-design-3-300x300.png 300w, https:\/\/www.anythingexpat.com\/wp-content\/uploads\/2026\/01\/Untitled-design-3-150x150.png 150w, https:\/\/www.anythingexpat.com\/wp-content\/uploads\/2026\/01\/Untitled-design-3-768x768.png 768w, https:\/\/www.anythingexpat.com\/wp-content\/uploads\/2026\/01\/Untitled-design-3-12x12.png 12w, https:\/\/www.anythingexpat.com\/wp-content\/uploads\/2026\/01\/Untitled-design-3.png 1080w\" sizes=\"auto, (max-width: 1024px) 100vw, 1024px\" \/><\/figure>\n<\/div>\n<\/div>\n\n\n\n<div class=\"wp-block-column is-vertically-aligned-center is-layout-flow wp-block-column-is-layout-flow\" style=\"flex-basis:69%\">\n<div class=\"wp-block-group bubble is-layout-constrained wp-container-core-group-is-layout-639b5052 wp-block-group-is-layout-constrained\" style=\"padding-top:0;padding-right:0;padding-bottom:0;padding-left:0\">\n<div class=\"wp-block-group is-vertical is-layout-flex wp-container-core-group-is-layout-ab5568b4 wp-block-group-is-layout-flex\" style=\"padding-top:0;padding-right:0;padding-bottom:0;padding-left:0\">\n<ul style=\"padding-top:0;padding-right:var(--wp--preset--spacing--30);padding-bottom:0;padding-left:var(--wp--preset--spacing--30)\" class=\"wp-block-list has-custom-color-4-color has-text-color has-link-color wp-elements-6ab22ebe11ef987d43a5777e043fe1c4\">\n<li style=\"line-height:1.5\"><strong>Ein Ansprechpartner f\u00fcr den Kunden<\/strong>, der auch durch Dienstleistungspartner erbrachte Leistungen bedarfsgerecht koordiniert und steuert.<\/li>\n<\/ul>\n\n\n\n<div class=\"wp-block-group is-layout-constrained wp-container-core-group-is-layout-ff778368 wp-block-group-is-layout-constrained\" style=\"padding-right:var(--wp--preset--spacing--30);padding-left:var(--wp--preset--spacing--30)\">\n<div class=\"wp-block-buttons is-content-justification-left is-layout-flex wp-container-core-buttons-is-layout-6e9f73ed wp-block-buttons-is-layout-flex\">\n<div class=\"wp-block-button\"><a class=\"wp-block-button__link has-background-color has-custom-color-1-background-color has-text-color has-background has-link-color wp-element-button\" href=\"https:\/\/www.anythingexpat.com\/de\/for-individuals\/\" style=\"padding-right:var(--wp--preset--spacing--50);padding-left:var(--wp--preset--spacing--50)\">Mehr erfahren<\/a><\/div>\n<\/div>\n<\/div>\n<\/div>\n<\/div>\n<\/div>\n<\/div>\n\n\n\n<div class=\"wp-block-group is-nowrap is-layout-flex wp-container-core-group-is-layout-f1dc7192 wp-block-group-is-layout-flex\" style=\"padding-top:var(--wp--preset--spacing--30);padding-right:0;padding-bottom:var(--wp--preset--spacing--30);padding-left:0\">\n<hr class=\"wp-block-separator has-text-color has-custom-color-1-color has-alpha-channel-opacity has-custom-color-1-background-color has-background wp-container-content-c0740251\" style=\"margin-top:0;margin-bottom:0\"\/>\n\n\n\n<p class=\"has-custom-color-1-color has-text-color has-normal-font-size\" style=\"font-style:normal;font-weight:500;letter-spacing:3px;text-transform:uppercase\">Coaching<\/p>\n<\/div>\n\n\n\n<div class=\"wp-block-columns has-custom-color-3-background-color has-background is-layout-flex wp-container-core-columns-is-layout-f0342b05 wp-block-columns-is-layout-flex\" style=\"margin-top:0;margin-bottom:0\">\n<div class=\"wp-block-column is-layout-flow wp-block-column-is-layout-flow\" style=\"flex-basis:31%\">\n<div class=\"wp-block-group bubble is-layout-constrained wp-container-core-group-is-layout-b4523777 wp-block-group-is-layout-constrained\" style=\"padding-top:0;padding-right:0;padding-bottom:0;padding-left:0\">\n<figure class=\"wp-block-image size-large\"><img loading=\"lazy\" decoding=\"async\" width=\"1024\" height=\"1024\" src=\"http:\/\/www.anythingexpat.com\/wp-content\/uploads\/2026\/01\/7-1024x1024.png\" alt=\"\" class=\"wp-image-1217\" srcset=\"https:\/\/www.anythingexpat.com\/wp-content\/uploads\/2026\/01\/7-1024x1024.png 1024w, https:\/\/www.anythingexpat.com\/wp-content\/uploads\/2026\/01\/7-300x300.png 300w, https:\/\/www.anythingexpat.com\/wp-content\/uploads\/2026\/01\/7-150x150.png 150w, https:\/\/www.anythingexpat.com\/wp-content\/uploads\/2026\/01\/7-768x768.png 768w, https:\/\/www.anythingexpat.com\/wp-content\/uploads\/2026\/01\/7-12x12.png 12w, https:\/\/www.anythingexpat.com\/wp-content\/uploads\/2026\/01\/7.png 1080w\" sizes=\"auto, (max-width: 1024px) 100vw, 1024px\" \/><\/figure>\n<\/div>\n<\/div>\n\n\n\n<div class=\"wp-block-column is-vertically-aligned-center is-layout-flow wp-block-column-is-layout-flow\" style=\"flex-basis:69%\">\n<div class=\"wp-block-group bubble is-content-justification-left is-layout-constrained wp-container-core-group-is-layout-417067bb wp-block-group-is-layout-constrained\" style=\"padding-top:0;padding-right:0;padding-bottom:0;padding-left:0\">\n<ul style=\"padding-top:0;padding-right:var(--wp--preset--spacing--30);padding-bottom:0;padding-left:var(--wp--preset--spacing--30)\" class=\"wp-block-list has-custom-color-4-color has-text-color has-link-color wp-elements-d137ea793bf1529ff0f1c88ca12dffb7\">\n<li style=\"line-height:1.5\">Interkulturelle Kompetenz<\/li>\n\n\n\n<li style=\"line-height:1.5\">Berufliche und pers\u00f6nliche Ver\u00e4nderungen<\/li>\n\n\n\n<li style=\"line-height:1.5\">Trauer und Verlust (siehe <a href=\"http:\/\/www.expatgrief.com\">ExpatGrief.com<\/a>)<\/li>\n<\/ul>\n<\/div>\n<\/div>\n<\/div>\n\n\n\n<div style=\"height:29px\" aria-hidden=\"true\" class=\"wp-block-spacer\"><\/div>","protected":false},"excerpt":{"rendered":"<p>Want to expand your global business activities with the right people in the right places&#8230; [&hellip;]<\/p>","protected":false},"author":3,"featured_media":0,"parent":0,"menu_order":0,"comment_status":"closed","ping_status":"closed","template":"","meta":{"footnotes":""},"class_list":["post-110","page","type-page","status-publish","hentry"],"_links":{"self":[{"href":"https:\/\/www.anythingexpat.com\/de\/wp-json\/wp\/v2\/pages\/110","targetHints":{"allow":["GET"]}}],"collection":[{"href":"https:\/\/www.anythingexpat.com\/de\/wp-json\/wp\/v2\/pages"}],"about":[{"href":"https:\/\/www.anythingexpat.com\/de\/wp-json\/wp\/v2\/types\/page"}],"author":[{"embeddable":true,"href":"https:\/\/www.anythingexpat.com\/de\/wp-json\/wp\/v2\/users\/3"}],"replies":[{"embeddable":true,"href":"https:\/\/www.anythingexpat.com\/de\/wp-json\/wp\/v2\/comments?post=110"}],"version-history":[{"count":116,"href":"https:\/\/www.anythingexpat.com\/de\/wp-json\/wp\/v2\/pages\/110\/revisions"}],"predecessor-version":[{"id":1227,"href":"https:\/\/www.anythingexpat.com\/de\/wp-json\/wp\/v2\/pages\/110\/revisions\/1227"}],"wp:attachment":[{"href":"https:\/\/www.anythingexpat.com\/de\/wp-json\/wp\/v2\/media?parent=110"}],"curies":[{"name":"wp","href":"https:\/\/api.w.org\/{rel}","templated":true}]}}