{"id":1170,"date":"2025-10-20T15:59:53","date_gmt":"2025-10-20T14:59:53","guid":{"rendered":"https:\/\/www.anythingexpat.com\/?page_id=1170"},"modified":"2026-01-26T20:34:53","modified_gmt":"2026-01-26T19:34:53","slug":"us-tax-consulting-compliance","status":"publish","type":"page","link":"https:\/\/www.anythingexpat.com\/de\/us-tax-consulting-compliance\/","title":{"rendered":"US-Steuerberatung"},"content":{"rendered":"<p>W\u00e4hrend die meisten L\u00e4nder auf der Grundlage des Wohnsitzes, des Hoheitsgebiets oder des Domizils Steuern erheben, sind die Vereinigten Staaten eines von nur zwei L\u00e4ndern weltweit, die ihre B\u00fcrger auf der Grundlage ihrer Staatsb\u00fcrgerschaft besteuern. Selbst wenn Sie noch nie einen Fu\u00df in die USA gesetzt haben bzw. Ihr Einkommen ausschlie\u00dflich aus nicht-amerikanischen Quellen stammt, m\u00fcssen Sie als US-B\u00fcrger eine US-Steuererkl\u00e4rung einreichen, wenn Ihr weltweites Einkommen gewisse Einkommensgrenzen \u00fcbersteigt. <\/p>\n\n\n\n<p>Wenn Sie nicht in den USA ans\u00e4ssig sind, m\u00fcssen Sie nur dann eine Steuererkl\u00e4rung einreichen, wenn Sie Eink\u00fcnfte aus US-Quellen haben (z. B. aus selbst\u00e4ndiger und nichtselbst\u00e4ndiger T\u00e4tigkeit, Kapitaleink\u00fcnften, aus Vermietung und Verpachtung oder sonstiger Gesch\u00e4ftst\u00e4tigkeit) oder wenn Sie sich daf\u00fcr entscheiden, eine gemeinsame Steuererkl\u00e4rung mit einem Ehepartner mit US-Staatsb\u00fcrgerschaft einzureichen. Ein US-B\u00fcrger, der mit einem nicht in den USA ans\u00e4ssigen Ehepartner verheiratet ist, muss andernfalls eine Steuererkl\u00e4rung als verheiratete Person mit getrennter Veranlagung einreichen, wobei das Mindesteinkommen f\u00fcr die Abgabepflicht viel niedriger ist. <\/p>\n\n\n\n<p>Im Rahmen unserer US-Steuerberatung beraten wir Sie gerne zu steuerlichen Auswirkungen und Planungsm\u00f6glichkeiten. Wir helfen Ihnen au\u00dferdem dabei, Ihre steuerlichen Verpflichtungen zu erf\u00fcllen, in dem wir Ihre Steuererkl\u00e4rungen erstellen und auf Wunsch elektronisch \u00fcbermitteln.<\/p>\n\n\n\n<figure class=\"wp-block-image size-large\"><img loading=\"lazy\" decoding=\"async\" width=\"1024\" height=\"576\" src=\"http:\/\/www.anythingexpat.com\/wp-content\/uploads\/2026\/01\/2-1.png\" alt=\"\" class=\"wp-image-1229\" srcset=\"https:\/\/www.anythingexpat.com\/wp-content\/uploads\/2026\/01\/2-1.png 1920w, https:\/\/www.anythingexpat.com\/wp-content\/uploads\/2026\/01\/2-1-300x169.png 300w, https:\/\/www.anythingexpat.com\/wp-content\/uploads\/2026\/01\/2-1-1024x576.png 1024w, https:\/\/www.anythingexpat.com\/wp-content\/uploads\/2026\/01\/2-1-768x432.png 768w, https:\/\/www.anythingexpat.com\/wp-content\/uploads\/2026\/01\/2-1-1536x864.png 1536w, https:\/\/www.anythingexpat.com\/wp-content\/uploads\/2026\/01\/2-1-18x10.png 18w\" sizes=\"auto, (max-width: 1024px) 100vw, 1024px\" \/><\/figure>\n\n\n\n<p><strong>Sofern Sie US Staatsb\u00fcrger bzw. in den USA ans\u00e4ssig sind<\/strong> und \u00fcber ausl\u00e4ndische Bank- und Finanzkonten verf\u00fcgen, deren Gesamtwert zu irgendeinem Zeitpunkt im Jahr 10.000 US-Dollar \u00fcbersteigt, m\u00fcssen Sie au\u00dferdem einen FBAR-Bericht (Report of Foreign Bank and Financial Accounts) beim US-Finanzministerium einreichen. Auch das \u00fcbernehmen wir gerne f\u00fcr Sie. <\/p>\n\n\n\n<div style=\"height:0px\" aria-hidden=\"true\" class=\"wp-block-spacer\"><\/div>\n\n\n\n<div class=\"wp-block-group is-nowrap is-layout-flex wp-container-core-group-is-layout-8aee0063 wp-block-group-is-layout-flex\" style=\"margin-top:0;margin-bottom:0;padding-top:var(--wp--preset--spacing--30);padding-right:var(--wp--preset--spacing--20);padding-bottom:var(--wp--preset--spacing--30);padding-left:var(--wp--preset--spacing--20)\">\n<hr class=\"wp-block-separator has-text-color has-custom-color-1-color has-alpha-channel-opacity has-custom-color-1-background-color has-background wp-container-content-c0740251\" style=\"margin-top:0;margin-bottom:0\"\/>\n\n\n\n<p class=\"has-custom-color-1-color has-text-color has-normal-font-size\" style=\"font-style:normal;font-weight:500;letter-spacing:3px;text-transform:uppercase\">Sind Sie mit Ihren Steuererkl\u00e4rungspflichten im R\u00fcckstand oder sind Sie sich dieser nicht bewusst?<\/p>\n<\/div>\n\n\n\n<p style=\"margin-top:0;margin-bottom:0\">Die gute Nachricht ist, <strong>dass es meistens nicht zu sp\u00e4t ist<\/strong> , wieder steuerkonform zu werden, ohne mit Strafen belegt zu werden.<\/p>\n\n\n\n<div class=\"wp-block-columns is-layout-flex wp-container-core-columns-is-layout-28f84493 wp-block-columns-is-layout-flex\">\n<div class=\"wp-block-column is-layout-flow wp-block-column-is-layout-flow\">\n<p class=\"has-custom-color-3-background-color has-background\"><strong>F\u00fcr US-B\u00fcrger<\/strong> , die nachweisen und best\u00e4tigen k\u00f6nnen, dass ihre Nichtabgabe und Nichtzahlung von Steuern nicht vors\u00e4tzlich erfolgten, hat die IRS ein Amnestieprogramm namens \u201e<strong>Streamlined Foreign Offshore Procedures<\/strong>\u201d ins Leben gerufen, das es Steuerzahlern im Ausland erm\u00f6glicht, ihre Steuerpflicht auch noch nachtr\u00e4glich ohne Strafen zu erf\u00fcllen. Unabh\u00e4ngig davon, wie viele Jahre vers\u00e4umt wurden, m\u00fcssen lediglich die letzten drei \u00fcberf\u00e4lligen Einkommensteuererkl\u00e4rungen sowie 6 FBAR-Berichte eingereicht werden.<\/p>\n<\/div>\n<\/div>\n\n\n\n<p style=\"padding-top:0;padding-right:0;padding-bottom:0;padding-left:0\"><\/p>\n\n\n\n<p style=\"margin-top:var(--wp--preset--spacing--20);margin-bottom:var(--wp--preset--spacing--20)\"><\/p>\n\n\n\n<div class=\"wp-block-group is-nowrap is-layout-flex wp-container-core-group-is-layout-8aee0063 wp-block-group-is-layout-flex\" style=\"margin-top:0;margin-bottom:0;padding-top:var(--wp--preset--spacing--30);padding-right:var(--wp--preset--spacing--20);padding-bottom:var(--wp--preset--spacing--30);padding-left:var(--wp--preset--spacing--20)\">\n<hr class=\"wp-block-separator has-text-color has-custom-color-1-color has-alpha-channel-opacity has-custom-color-1-background-color has-background wp-container-content-c0740251\" style=\"margin-top:0;margin-bottom:0\"\/>\n\n\n\n<p class=\"has-custom-color-1-color has-text-color has-normal-font-size\" style=\"font-style:normal;font-weight:500;letter-spacing:3px;text-transform:uppercase\">Wie wir Ihnen helfen<\/p>\n<\/div>\n\n\n\n<ul class=\"wp-block-list\">\n<li class=\"has-foreground-color has-text-color has-link-color wp-elements-92347b32d1344d0f2bbd793500ea5678\"><strong>US-Steuerberatung unter Ber\u00fccksichtigung der steuerlichen Auswirkungen in den USA<\/strong><\/li>\n\n\n\n<li class=\"has-foreground-color has-text-color has-link-color wp-elements-0d4c8563e41f04cdfe70e6089de5342b\"><strong>US-Steuerplanung unter Ber\u00fccksichtigung geltender Steuerabkommen und lokaler Gesetze<\/strong><\/li>\n\n\n\n<li class=\"has-foreground-color has-text-color has-link-color wp-elements-996b9c79077510b3c4053c0616b53d8c\"><strong>Erstellung und elektronische Einreichung von US-Steuererkl\u00e4rungen (auf Bundes- und Landesebene)<\/strong><\/li>\n\n\n\n<li class=\"has-foreground-color has-text-color has-link-color wp-elements-dfedf69b93c03ef2b7984ef06fc51e12\"><strong>Meldung ausl\u00e4ndischer Konten (FATCA, FBAR) <\/strong><\/li>\n\n\n\n<li class=\"has-foreground-color has-text-color has-link-color wp-elements-4e80630f24b32c4c1972d4ac5fa08699\"><strong>Beratung und Unterst\u00fctzung beim vereinfachten Offshore-Verfahren der US-Steuerbeh\u00f6rde IRS<\/strong><\/li>\n\n\n\n<li class=\"has-foreground-color has-text-color has-link-color wp-elements-8bea26274a0e59bbb528eb702b98d070\"><strong>Als von der IRS autorisierter Akzeptanzagent Unterst\u00fctzung bei ITIN-Antr\u00e4gen<\/strong><\/li>\n<\/ul>\n\n\n\n<p class=\"has-custom-color-1-color has-text-color has-link-color wp-elements-ff11cac08d3668530f55151c6e0eb554\"><a href=\"https:\/\/www.anythingexpat.com\/de\/contact-us\/\" data-type=\"page\" data-id=\"81\">Kontaktieren Sie uns<\/a> f\u00fcr eine kostenlose 30-min\u00fctige Beratung.<\/p>\n\n\n\n<div style=\"height:100px\" aria-hidden=\"true\" class=\"wp-block-spacer\"><\/div>","protected":false},"excerpt":{"rendered":"<p>While most countries tax on basis of residency, territory or domicile, the United States is [&hellip;]<\/p>","protected":false},"author":1,"featured_media":0,"parent":0,"menu_order":0,"comment_status":"closed","ping_status":"closed","template":"","meta":{"footnotes":""},"class_list":["post-1170","page","type-page","status-publish","hentry"],"_links":{"self":[{"href":"https:\/\/www.anythingexpat.com\/de\/wp-json\/wp\/v2\/pages\/1170","targetHints":{"allow":["GET"]}}],"collection":[{"href":"https:\/\/www.anythingexpat.com\/de\/wp-json\/wp\/v2\/pages"}],"about":[{"href":"https:\/\/www.anythingexpat.com\/de\/wp-json\/wp\/v2\/types\/page"}],"author":[{"embeddable":true,"href":"https:\/\/www.anythingexpat.com\/de\/wp-json\/wp\/v2\/users\/1"}],"replies":[{"embeddable":true,"href":"https:\/\/www.anythingexpat.com\/de\/wp-json\/wp\/v2\/comments?post=1170"}],"version-history":[{"count":16,"href":"https:\/\/www.anythingexpat.com\/de\/wp-json\/wp\/v2\/pages\/1170\/revisions"}],"predecessor-version":[{"id":1230,"href":"https:\/\/www.anythingexpat.com\/de\/wp-json\/wp\/v2\/pages\/1170\/revisions\/1230"}],"wp:attachment":[{"href":"https:\/\/www.anythingexpat.com\/de\/wp-json\/wp\/v2\/media?parent=1170"}],"curies":[{"name":"wp","href":"https:\/\/api.w.org\/{rel}","templated":true}]}}