{"id":71,"date":"2024-01-26T16:15:05","date_gmt":"2024-01-26T15:15:05","guid":{"rendered":"https:\/\/www.anythingexpat.com\/?page_id=71"},"modified":"2024-06-07T14:28:55","modified_gmt":"2024-06-07T13:28:55","slug":"home","status":"publish","type":"page","link":"https:\/\/www.anythingexpat.com\/de\/","title":{"rendered":"AnyTime. AnyPlace. AnythingExpat"},"content":{"rendered":"<div class=\"wp-block-group is-nowrap is-layout-flex wp-container-core-group-is-layout-8aee0063 wp-block-group-is-layout-flex\" style=\"margin-top:0;margin-bottom:0;padding-top:var(--wp--preset--spacing--30);padding-right:var(--wp--preset--spacing--20);padding-bottom:var(--wp--preset--spacing--30);padding-left:var(--wp--preset--spacing--20)\">\n<hr class=\"wp-block-separator has-text-color has-custom-color-1-color has-alpha-channel-opacity has-custom-color-1-background-color has-background wp-container-content-c0740251\" style=\"margin-top:0;margin-bottom:0\"\/>\n\n\n\n<p class=\"has-custom-color-1-color has-text-color has-normal-font-size\" style=\"font-style:normal;font-weight:500;letter-spacing:3px;text-transform:uppercase\">Alle Leistungen aus einer Hand<\/p>\n<\/div>\n\n\n\n<p class=\"has-foreground-color has-text-color has-link-color wp-elements-1e13e6a89001b6b25a960bc551ee623d\" id=\"block-53685db2-7a8f-4eb0-9fbe-fbc0a3c5bae6\" style=\"margin-top:0;margin-bottom:0\">Ganz gleich, ob Sie ein Unternehmen sind, das einen Partner f\u00fcr seine globalen Mobilit\u00e4tsbed\u00fcrfnisse sucht, oder ob Sie eine Privatperson sind, die ins Ausland zieht oder dort lebt und Rat bzw. Unterst\u00fctzung ben\u00f6tigt - wir sind f\u00fcr Sie da!<\/p>\n\n\n\n<p class=\"has-foreground-color has-text-color has-link-color wp-elements-b4eef150a04cfc891f9f92102a274d5e\">AnythingExpat bietet ein umfassendes Angebot an Beratung und Dienstleistungen im Bereich der globalen Mobilit\u00e4t. Wir wissen, was gebraucht wird, wann es gebraucht wird und wie man es am besten umsetzen kann. Was unsere Kunden am meisten an uns sch\u00e4tzen, ist unsere \u201eCan-Do\u201c-Haltung und unser proaktiver Ansatz. Wir sind in der Lage, potenzielle Probleme zu erkennen, bevor sie Realit\u00e4t werden und entsprechend zu handeln.<\/p>\n\n\n\n<p><\/p>\n\n\n\n<div class=\"wp-block-group is-nowrap is-layout-flex wp-container-core-group-is-layout-f1dc7192 wp-block-group-is-layout-flex\" style=\"padding-top:var(--wp--preset--spacing--30);padding-right:0;padding-bottom:var(--wp--preset--spacing--30);padding-left:0\">\n<hr class=\"wp-block-separator has-text-color has-custom-color-1-color has-alpha-channel-opacity has-custom-color-1-background-color has-background wp-container-content-c0740251\" style=\"margin-top:0;margin-bottom:0\"\/>\n\n\n\n<p class=\"has-custom-color-1-color has-text-color has-normal-font-size\" style=\"font-style:normal;font-weight:500;letter-spacing:3px;text-transform:uppercase\">Begleitung und Unterst\u00fctzung von Expats<\/p>\n<\/div>\n\n\n\n<div class=\"wp-block-columns is-layout-flex wp-container-core-columns-is-layout-3705709a wp-block-columns-is-layout-flex\" style=\"margin-top:var(--wp--preset--spacing--40);margin-right:0;margin-bottom:var(--wp--preset--spacing--40);margin-left:0;padding-right:0;padding-left:0\">\n<div class=\"wp-block-column is-layout-flow wp-block-column-is-layout-flow\" style=\"padding-right:var(--wp--preset--spacing--50);padding-left:var(--wp--preset--spacing--50);flex-basis:24%\">\n<div class=\"wp-block-group bubble is-layout-constrained wp-container-core-group-is-layout-9dac8c27 wp-block-group-is-layout-constrained\" style=\"margin-top:0;margin-bottom:0;padding-top:0;padding-right:0;padding-bottom:0;padding-left:0\">\n<figure class=\"wp-block-image size-full\"><a href=\"https:\/\/www.anythingexpat.com\/de\/for-individuals\/\"><img loading=\"lazy\" decoding=\"async\" width=\"1080\" height=\"1080\" src=\"https:\/\/www.anythingexpat.com\/wp-content\/uploads\/2024\/05\/Untitled-design-13.png\" alt=\"\" class=\"wp-image-968\" style=\"object-fit:cover\" srcset=\"https:\/\/www.anythingexpat.com\/wp-content\/uploads\/2024\/05\/Untitled-design-13.png 1080w, https:\/\/www.anythingexpat.com\/wp-content\/uploads\/2024\/05\/Untitled-design-13-300x300.png 300w, https:\/\/www.anythingexpat.com\/wp-content\/uploads\/2024\/05\/Untitled-design-13-1024x1024.png 1024w, https:\/\/www.anythingexpat.com\/wp-content\/uploads\/2024\/05\/Untitled-design-13-150x150.png 150w, https:\/\/www.anythingexpat.com\/wp-content\/uploads\/2024\/05\/Untitled-design-13-768x768.png 768w, https:\/\/www.anythingexpat.com\/wp-content\/uploads\/2024\/05\/Untitled-design-13-12x12.png 12w\" sizes=\"auto, (max-width: 1080px) 100vw, 1080px\" \/><\/a><\/figure>\n<\/div>\n<\/div>\n\n\n\n<div class=\"wp-block-column is-layout-flow wp-block-column-is-layout-flow\" style=\"flex-basis:76%\">\n<p class=\"has-foreground-color has-text-color has-link-color wp-elements-f9eef2bc2b4a20cea102d51a8502d288\">Menschen, die schon einmal ins Ausland umgezogen sind und dort gelebt haben, sowie Organisationen, die Mitarbeiter \u00fcber Grenzen hinweg eingestellt und versetzt haben, kennen die Komplexit\u00e4t und die Unw\u00e4gbarkeiten eines solchen Unterfangens. Es braucht Zeit und M\u00fche, um die Bed\u00fcrfnisse der Menschen wirklich zu verstehen und sie dann zu ihrer vollen Zufriedenheit zu erf\u00fcllen.<\/p>\n\n\n\n<p class=\"has-foreground-color has-text-color has-link-color wp-elements-713f9cc34d5f756416cc30489e173c32\">Mit unserem&nbsp;<strong>One-Face-to-the-Customer<\/strong>&nbsp;- Ansatz beraten und koordinieren wir unter Einbeziehung unserer Beratungs- und Dienstleistungspartnern, um Ihnen ganzheitliche L\u00f6sungen und nahtlose Unterst\u00fctzung zu bieten.<\/p>\n<\/div>\n<\/div>\n\n\n\n<figure class=\"wp-block-image aligncenter size-large\"><img loading=\"lazy\" decoding=\"async\" width=\"1024\" height=\"576\" src=\"https:\/\/www.anythingexpat.com\/wp-content\/uploads\/2024\/06\/primary-without-title.jpeg\" alt=\"\" class=\"wp-image-917\" style=\"object-fit:cover\" srcset=\"https:\/\/www.anythingexpat.com\/wp-content\/uploads\/2024\/06\/primary-without-title.jpeg 1600w, https:\/\/www.anythingexpat.com\/wp-content\/uploads\/2024\/06\/primary-without-title-300x169.jpeg 300w, https:\/\/www.anythingexpat.com\/wp-content\/uploads\/2024\/06\/primary-without-title-1024x576.jpeg 1024w, https:\/\/www.anythingexpat.com\/wp-content\/uploads\/2024\/06\/primary-without-title-768x432.jpeg 768w, https:\/\/www.anythingexpat.com\/wp-content\/uploads\/2024\/06\/primary-without-title-1536x864.jpeg 1536w, https:\/\/www.anythingexpat.com\/wp-content\/uploads\/2024\/06\/primary-without-title-18x10.jpeg 18w\" sizes=\"auto, (max-width: 1024px) 100vw, 1024px\" \/><\/figure>\n\n\n\n<div class=\"wp-block-group is-nowrap is-layout-flex wp-container-core-group-is-layout-c6ab0567 wp-block-group-is-layout-flex\" style=\"padding-top:var(--wp--preset--spacing--30);padding-right:0;padding-bottom:var(--wp--preset--spacing--30);padding-left:0\">\n<hr class=\"wp-block-separator has-text-color has-custom-color-1-color has-alpha-channel-opacity has-custom-color-1-background-color has-background wp-container-content-c0740251\" style=\"margin-top:0;margin-bottom:0\"\/>\n\n\n\n<p class=\"has-custom-color-1-color has-text-color has-normal-font-size\" style=\"font-style:normal;font-weight:500;letter-spacing:3px;text-transform:uppercase\">Beratungsleistungen f\u00fcr Organisationen<\/p>\n<\/div>\n\n\n\n<div class=\"wp-block-columns is-layout-flex wp-container-core-columns-is-layout-73586557 wp-block-columns-is-layout-flex\" style=\"margin-top:var(--wp--preset--spacing--40);margin-bottom:var(--wp--preset--spacing--40);padding-right:0;padding-left:0\">\n<div class=\"wp-block-column is-layout-flow wp-block-column-is-layout-flow\" style=\"padding-right:var(--wp--preset--spacing--50);padding-left:var(--wp--preset--spacing--50);flex-basis:24%\">\n<div class=\"wp-block-group bubble is-layout-constrained wp-container-core-group-is-layout-9dac8c27 wp-block-group-is-layout-constrained\" style=\"margin-top:0;margin-bottom:0;padding-top:0;padding-right:0;padding-bottom:0;padding-left:0\">\n<figure class=\"wp-block-image size-full\"><a href=\"https:\/\/www.anythingexpat.com\/de\/for-businesses\/\"><img loading=\"lazy\" decoding=\"async\" width=\"1080\" height=\"1080\" src=\"https:\/\/www.anythingexpat.com\/wp-content\/uploads\/2024\/05\/Untitled-design-12.png\" alt=\"\" class=\"wp-image-967\" srcset=\"https:\/\/www.anythingexpat.com\/wp-content\/uploads\/2024\/05\/Untitled-design-12.png 1080w, https:\/\/www.anythingexpat.com\/wp-content\/uploads\/2024\/05\/Untitled-design-12-300x300.png 300w, https:\/\/www.anythingexpat.com\/wp-content\/uploads\/2024\/05\/Untitled-design-12-1024x1024.png 1024w, https:\/\/www.anythingexpat.com\/wp-content\/uploads\/2024\/05\/Untitled-design-12-150x150.png 150w, https:\/\/www.anythingexpat.com\/wp-content\/uploads\/2024\/05\/Untitled-design-12-768x768.png 768w, https:\/\/www.anythingexpat.com\/wp-content\/uploads\/2024\/05\/Untitled-design-12-12x12.png 12w\" sizes=\"auto, (max-width: 1080px) 100vw, 1080px\" \/><\/a><\/figure>\n<\/div>\n<\/div>\n\n\n\n<div class=\"wp-block-column is-layout-flow wp-block-column-is-layout-flow\" style=\"flex-basis:76%\">\n<p class=\"has-foreground-color has-text-color has-link-color wp-elements-c0a2bb7ab46070b858303c23172c8bdb\">W\u00e4hrend gro\u00dfe Unternehmen \u00fcber ausgewiesene Spezialisten f\u00fcr die Betreuung ihrer weltweiten Mitarbeiter verf\u00fcgen, fehlt es&nbsp;<strong>kleinen und mittelst\u00e4ndischen Unternehmen<\/strong>&nbsp;oft an interner Expertise. Hier stehen wir Ihnen als Partner zur Seite, der Sie ber\u00e4t und unterst\u00fctzt. Angefangen bei der Begleitung von globalen Organisations\u00e4nderungen, Beratung zu Compliance- und Verg\u00fctungsfragen, Entwicklung von Richtlinien und Entsendevertr\u00e4gen, bis zur Betreuung von Expats, inklusive Auswahl und Koordinierung von Dienstleistern. Sie k\u00f6nnen diesen Bereich praktisch an uns outsourcen. Zu einem fairen Preis-\/Leistungsverh\u00e4ltnis.<\/p>\n\n\n\n<p class=\"has-foreground-color has-text-color has-link-color wp-elements-122071f35284f07ab017375470b3610c\">Unsere integrierten L\u00f6sungen sind immer auf Ihre Bed\u00fcrfnisse zugeschnitten.<\/p>\n<\/div>\n<\/div>\n\n\n\n<figure class=\"wp-block-image aligncenter size-large\"><img loading=\"lazy\" decoding=\"async\" width=\"1024\" height=\"576\" src=\"https:\/\/www.anythingexpat.com\/wp-content\/uploads\/2024\/06\/secondary-image.jpeg\" alt=\"\" class=\"wp-image-983\" style=\"object-fit:cover\" srcset=\"https:\/\/www.anythingexpat.com\/wp-content\/uploads\/2024\/06\/secondary-image.jpeg 1600w, https:\/\/www.anythingexpat.com\/wp-content\/uploads\/2024\/06\/secondary-image-300x169.jpeg 300w, https:\/\/www.anythingexpat.com\/wp-content\/uploads\/2024\/06\/secondary-image-1024x576.jpeg 1024w, https:\/\/www.anythingexpat.com\/wp-content\/uploads\/2024\/06\/secondary-image-768x432.jpeg 768w, https:\/\/www.anythingexpat.com\/wp-content\/uploads\/2024\/06\/secondary-image-1536x864.jpeg 1536w, https:\/\/www.anythingexpat.com\/wp-content\/uploads\/2024\/06\/secondary-image-18x10.jpeg 18w\" sizes=\"auto, (max-width: 1024px) 100vw, 1024px\" \/><\/figure>\n\n\n\n<div class=\"wp-block-group is-nowrap is-layout-flex wp-container-core-group-is-layout-376dd08b wp-block-group-is-layout-flex\" style=\"padding-right:0;padding-left:0\">\n<hr class=\"wp-block-separator has-text-color has-custom-color-1-color has-alpha-channel-opacity has-custom-color-1-background-color has-background wp-container-content-c0740251\" style=\"margin-top:0;margin-bottom:0\"\/>\n\n\n\n<p class=\"has-custom-color-1-color has-text-color has-normal-font-size\" style=\"font-style:normal;font-weight:500;letter-spacing:3px;text-transform:uppercase\">Andrea Lengel, Gr\u00fcnderin und CEO<\/p>\n<\/div>\n\n\n\n<div class=\"wp-block-columns alignwide is-layout-flex wp-container-core-columns-is-layout-e0e4babd wp-block-columns-is-layout-flex\" style=\"padding-right:0;padding-left:0\">\n<div class=\"wp-block-column is-vertically-aligned-center is-layout-flow wp-block-column-is-layout-flow\" style=\"padding-right:var(--wp--preset--spacing--50);padding-left:var(--wp--preset--spacing--50)\">\n<figure class=\"wp-block-image aligncenter size-full is-resized has-custom-border\"><img loading=\"lazy\" decoding=\"async\" width=\"1080\" height=\"1080\" src=\"https:\/\/www.anythingexpat.com\/wp-content\/uploads\/2024\/05\/1.png\" alt=\"\" class=\"wp-image-835\" style=\"border-style:none;border-width:0px;border-radius:0px;width:auto;height:300px\" srcset=\"https:\/\/www.anythingexpat.com\/wp-content\/uploads\/2024\/05\/1.png 1080w, https:\/\/www.anythingexpat.com\/wp-content\/uploads\/2024\/05\/1-300x300.png 300w, https:\/\/www.anythingexpat.com\/wp-content\/uploads\/2024\/05\/1-1024x1024.png 1024w, https:\/\/www.anythingexpat.com\/wp-content\/uploads\/2024\/05\/1-150x150.png 150w, https:\/\/www.anythingexpat.com\/wp-content\/uploads\/2024\/05\/1-768x768.png 768w, https:\/\/www.anythingexpat.com\/wp-content\/uploads\/2024\/05\/1-12x12.png 12w\" sizes=\"auto, (max-width: 1080px) 100vw, 1080px\" \/><\/figure>\n<\/div>\n\n\n\n<div class=\"wp-block-column is-layout-flow wp-block-column-is-layout-flow\">\n<p class=\"has-foreground-color has-text-color has-link-color wp-elements-94b6d2d592eff30b295db481df9b12cf\">W\u00e4hrend meines Studiums in England, wo ich mit Menschen aus aller Welt zusammenlebte, und dann in den Vereinigten Staaten als Fulbright-Stipendiatin, wo ich nach meinem MBA Studium meine Karriere in der internationalen Steuerberatung begann, heiratete und mein erstes Kind bekam, lernte ich den Wert und die Freude an kultureller Vielfalt und die Bedeutung eines guten lokalen Unterst\u00fctzungssystems sch\u00e4tzen. Meine pers\u00f6nliche Erfahrung und Leidenschaft wurde zur Berufung.<\/p>\n\n\n\n<p class=\"has-foreground-color has-text-color has-link-color wp-elements-ef88a106a899c6fd9954bcb9f3f9f162\">Mit mehr als 25 Jahren Erfahrung in allen Belangen des globalen Mitarbeitereinsatzes und der grenz\u00fcberschreitenden Personalbetreuung, sowohl operativ als auch strategisch, in verschiedenen Branchen und Unternehmensformen kenne ich die Besonderheiten globaler Personalarbeit, die steuerrechtlichen T\u00fccken und die Bedeutung einer funktions\u00fcbergreifenden Koordination. Ich bin lizenziert als US-Steuerberater (CPA), zertifiziert als Senior Certified Professional in Human Resources Management (SHRM-SCP) und ein ICF-ausgebildeter l\u00f6sungsorientierter Coach mit einer zus\u00e4tzlichen Spezialisierung auf Trauercoaching.<\/p>\n\n\n\n<div class=\"wp-block-buttons is-layout-flex wp-block-buttons-is-layout-flex\">\n<div class=\"wp-block-button\"><a class=\"wp-block-button__link has-background-color has-custom-color-1-background-color has-text-color has-background has-link-color wp-element-button\" href=\"https:\/\/www.anythingexpat.com\/de\/about-andrea-lengel-ceo-and-founder\/\" style=\"padding-top:0;padding-right:var(--wp--preset--spacing--20);padding-bottom:0;padding-left:var(--wp--preset--spacing--20)\">Mehr erfahren<\/a><\/div>\n<\/div>\n\n\n\n<ul class=\"wp-block-social-links has-visible-labels is-style-logos-only is-content-justification-left is-layout-flex wp-container-core-social-links-is-layout-d6a2fabd wp-block-social-links-is-layout-flex\" style=\"padding-top:var(--wp--preset--spacing--20);padding-bottom:var(--wp--preset--spacing--20)\"><li class=\"wp-social-link wp-social-link-linkedin  wp-block-social-link\"><a rel=\"noopener nofollow\" target=\"_blank\" href=\"https:\/\/www.linkedin.com\/in\/andrea-lengel-shrm-scp-cpa-37b34015\/\" class=\"wp-block-social-link-anchor\"><svg width=\"24\" height=\"24\" viewbox=\"0 0 24 24\" version=\"1.1\" xmlns=\"http:\/\/www.w3.org\/2000\/svg\" aria-hidden=\"true\" focusable=\"false\"><path d=\"M19.7,3H4.3C3.582,3,3,3.582,3,4.3v15.4C3,20.418,3.582,21,4.3,21h15.4c0.718,0,1.3-0.582,1.3-1.3V4.3 C21,3.582,20.418,3,19.7,3z M8.339,18.338H5.667v-8.59h2.672V18.338z M7.004,8.574c-0.857,0-1.549-0.694-1.549-1.548 c0-0.855,0.691-1.548,1.549-1.548c0.854,0,1.547,0.694,1.547,1.548C8.551,7.881,7.858,8.574,7.004,8.574z M18.339,18.338h-2.669 v-4.177c0-0.996-0.017-2.278-1.387-2.278c-1.389,0-1.601,1.086-1.601,2.206v4.249h-2.667v-8.59h2.559v1.174h0.037 c0.356-0.675,1.227-1.387,2.526-1.387c2.703,0,3.203,1.779,3.203,4.092V18.338z\"><\/path><\/svg><span class=\"wp-block-social-link-label\">LinkedIn<\/span><\/a><\/li><\/ul>\n<\/div>\n<\/div>\n\n\n\n<div style=\"height:13px\" aria-hidden=\"true\" class=\"wp-block-spacer\"><\/div>\n\n\n\n<div class=\"wp-block-group is-nowrap is-layout-flex wp-container-core-group-is-layout-376dd08b wp-block-group-is-layout-flex\" style=\"padding-right:0;padding-left:0\">\n<hr class=\"wp-block-separator has-text-color has-custom-color-1-color has-alpha-channel-opacity has-custom-color-1-background-color has-background wp-container-content-c0740251\" style=\"margin-top:0;margin-bottom:0\"\/>\n\n\n\n<p class=\"has-custom-color-1-color has-text-color has-normal-font-size\" style=\"font-style:normal;font-weight:500;letter-spacing:3px;text-transform:uppercase\">TESTIMONIALS<\/p>\n<\/div>\n\n\n\n\n\n<\/p>\n\n\n<p><div id=\"metaslider-id-1099\" style=\"width: 100%; margin: 0 auto;\" class=\"ml-slider-3-92-1 metaslider metaslider-flex metaslider-1099 ml-slider ms-theme-default\" role=\"region\" aria-roledescription=\"Slideshow\" aria-label=\"Homepage German\">\n    <div id=\"metaslider_container_1099\">\n        <div id=\"metaslider_1099\">\n            <ul class='slides'>\n                <li style=\"display: none; width: 100%;\" class=\"slide-1100 ms-image\" aria-roledescription=\"slide\" aria-label=\"slide-1100\"><img loading=\"lazy\" decoding=\"async\" src=\"https:\/\/www.anythingexpat.com\/wp-content\/uploads\/2024\/06\/PNG-image-14.png\" height=\"1080\" width=\"1920\" alt=\"\" class=\"slider-1099 slide-1100\" title=\"PNG image\" \/><\/li>\n                <li style=\"display: none; width: 100%;\" class=\"slide-1101 ms-image\" aria-roledescription=\"slide\" aria-label=\"slide-1101\"><img loading=\"lazy\" decoding=\"async\" src=\"https:\/\/www.anythingexpat.com\/wp-content\/uploads\/2024\/06\/PNG-image-15.png\" height=\"1080\" width=\"1920\" alt=\"\" class=\"slider-1099 slide-1101\" title=\"PNG image\" \/><\/li>\n                <li style=\"display: none; width: 100%;\" class=\"slide-1102 ms-image\" aria-roledescription=\"slide\" aria-label=\"slide-1102\"><img loading=\"lazy\" decoding=\"async\" src=\"https:\/\/www.anythingexpat.com\/wp-content\/uploads\/2024\/06\/PNG-image-18.png\" height=\"1080\" width=\"1920\" alt=\"\" class=\"slider-1099 slide-1102\" title=\"PNG image\" \/><\/li>\n                <li style=\"display: none; width: 100%;\" class=\"slide-1130 ms-image\" aria-roledescription=\"slide\" aria-label=\"slide-1130\"><img loading=\"lazy\" decoding=\"async\" src=\"https:\/\/www.anythingexpat.com\/wp-content\/uploads\/2024\/06\/PNG-image-26.png\" height=\"1080\" width=\"1920\" alt=\"\" class=\"slider-1099 slide-1130\" title=\"PNG image\" \/><\/li>\n                <li style=\"display: none; width: 100%;\" class=\"slide-1103 ms-image\" aria-roledescription=\"slide\" aria-label=\"slide-1103\"><img loading=\"lazy\" decoding=\"async\" src=\"https:\/\/www.anythingexpat.com\/wp-content\/uploads\/2024\/06\/PNG-image-17.png\" height=\"1080\" width=\"1920\" alt=\"\" class=\"slider-1099 slide-1103\" title=\"PNG image\" \/><\/li>\n            <\/ul>\n        <\/div>\n        \n    <\/div>\n<\/div><\/p>\n\n\n<p>\n\n\n\n<div style=\"height:100px\" aria-hidden=\"true\" class=\"wp-block-spacer\"><\/div>","protected":false},"excerpt":{"rendered":"<p>We have all your needs covered Whether you are an&nbsp;organization&nbsp;looking for a partner to meet [&hellip;]<\/p>","protected":false},"author":3,"featured_media":0,"parent":0,"menu_order":0,"comment_status":"closed","ping_status":"closed","template":"","meta":{"footnotes":""},"class_list":["post-71","page","type-page","status-publish","hentry"],"_links":{"self":[{"href":"https:\/\/www.anythingexpat.com\/de\/wp-json\/wp\/v2\/pages\/71","targetHints":{"allow":["GET"]}}],"collection":[{"href":"https:\/\/www.anythingexpat.com\/de\/wp-json\/wp\/v2\/pages"}],"about":[{"href":"https:\/\/www.anythingexpat.com\/de\/wp-json\/wp\/v2\/types\/page"}],"author":[{"embeddable":true,"href":"https:\/\/www.anythingexpat.com\/de\/wp-json\/wp\/v2\/users\/3"}],"replies":[{"embeddable":true,"href":"https:\/\/www.anythingexpat.com\/de\/wp-json\/wp\/v2\/comments?post=71"}],"version-history":[{"count":196,"href":"https:\/\/www.anythingexpat.com\/de\/wp-json\/wp\/v2\/pages\/71\/revisions"}],"predecessor-version":[{"id":1197,"href":"https:\/\/www.anythingexpat.com\/de\/wp-json\/wp\/v2\/pages\/71\/revisions\/1197"}],"wp:attachment":[{"href":"https:\/\/www.anythingexpat.com\/de\/wp-json\/wp\/v2\/media?parent=71"}],"curies":[{"name":"wp","href":"https:\/\/api.w.org\/{rel}","templated":true}]}}